{"id":51673,"date":"2023-02-06T14:40:35","date_gmt":"2023-02-06T13:40:35","guid":{"rendered":"https:\/\/huntress-artemis.com\/?page_id=51673"},"modified":"2026-03-09T17:41:21","modified_gmt":"2026-03-09T16:41:21","slug":"kontakt","status":"publish","type":"page","link":"https:\/\/huntress-artemis.com\/en\/kontakt\/","title":{"rendered":"Contact"},"content":{"rendered":"<p>[et_pb_section fb_built=&#8220;1&#8243; custom_padding_last_edited=&#8220;on|phone&#8220; _builder_version=&#8220;4.20.0&#8243; _module_preset=&#8220;default&#8220; background_color=&#8220;#000000&#8243; background_image=&#8220;https:\/\/huntress-artemis.com\/wp-content\/uploads\/2023\/02\/Artemis1413-scaled-3.png&#8220; background_position=&#8220;top_center&#8220; background_vertical_offset=&#8220;35%&#8220; custom_padding=&#8220;150px||150px||true|false&#8220; custom_padding_tablet=&#8220;80px||80px||true|false&#8220; custom_padding_phone=&#8220;60px||60px||true|false&#8220; global_module=&#8220;51595&#8243; saved_tabs=&#8220;all&#8220; global_colors_info=&#8220;{}&#8220;][et_pb_row _builder_version=&#8220;4.19.5&#8243; _module_preset=&#8220;default&#8220; custom_padding=&#8220;0px||0px||false|false&#8220; global_colors_info=&#8220;{}&#8220;][et_pb_column type=&#8220;4_4&#8243; _builder_version=&#8220;4.19.5&#8243; _module_preset=&#8220;default&#8220; global_colors_info=&#8220;{}&#8220;][et_pb_text _builder_version=&#8220;4.20.0&#8243; _dynamic_attributes=&#8220;content&#8220; _module_preset=&#8220;default&#8220; text_text_color=&#8220;#FFFFFF&#8220; text_font_size=&#8220;28px&#8220; header_font=&#8220;|||on|||||&#8220; header_text_align=&#8220;center&#8220; header_text_color=&#8220;#FFFFFF&#8220; header_font_size=&#8220;64px&#8220; header_font_size_tablet=&#8220;56px&#8220; header_font_size_phone=&#8220;42px&#8220; header_font_size_last_edited=&#8220;on|phone&#8220; global_colors_info=&#8220;{}&#8220;]@ET-DC@eyJkeW5hbWljIjp0cnVlLCJjb250ZW50IjoicG9zdF90aXRsZSIsInNldHRpbmdzIjp7ImJlZm9yZSI6IjxoMT4iLCJhZnRlciI6IjwvaDE+In19@[\/et_pb_text][\/et_pb_column][\/et_pb_row][\/et_pb_section][et_pb_section fb_built=&#8220;1&#8243; _builder_version=&#8220;4.19.5&#8243; _module_preset=&#8220;default&#8220; background_color=&#8220;#0f0f0f&#8220; custom_padding=&#8220;||||true|false&#8220; global_colors_info=&#8220;{}&#8220;][et_pb_row column_structure=&#8220;1_2,1_2&#8243; use_custom_gutter=&#8220;on&#8220; gutter_width=&#8220;2&#8243; make_equal=&#8220;on&#8220; _builder_version=&#8220;4.27.2&#8243; _module_preset=&#8220;default&#8220; custom_margin=&#8220;0px||||false|false&#8220; custom_padding=&#8220;0px||0px||false|false&#8220; global_colors_info=&#8220;{}&#8220;][et_pb_column type=&#8220;1_2&#8243; _builder_version=&#8220;4.19.5&#8243; _module_preset=&#8220;default&#8220; background_color=&#8220;#000000&#8243; custom_padding=&#8220;2rem|2rem|2rem|2rem|true|true&#8220; global_colors_info=&#8220;{}&#8220;][et_pb_text _builder_version=&#8220;4.19.5&#8243; _module_preset=&#8220;default&#8220; text_font=&#8220;|300||on|||||&#8220; text_text_color=&#8220;#707070&#8243; text_font_size=&#8220;16px&#8220; text_letter_spacing=&#8220;2px&#8220; custom_margin=&#8220;||12px|||&#8220; locked=&#8220;off&#8220; global_colors_info=&#8220;{}&#8220;]<\/p>\n<p>H\u00e4ufig gestellt<\/p>\n<p>[\/et_pb_text][et_pb_text _builder_version=&#8220;4.19.5&#8243; _module_preset=&#8220;default&#8220; text_font=&#8220;|300|||||||&#8220; header_3_font_size=&#8220;30px&#8220; header_3_line_height=&#8220;1.4em&#8220; global_colors_info=&#8220;{}&#8220;]<\/p>\n<h3>Fragen zur Session<\/h3>\n<p>[\/et_pb_text][et_pb_accordion _builder_version=&#8220;4.27.5&#8243; _module_preset=&#8220;default&#8220; toggle_text_color=&#8220;#FFFFFF&#8220; toggle_font=&#8220;Montserrat||||||||&#8220; toggle_line_height=&#8220;1.4em&#8220; body_text_color=&#8220;#707070&#8243; body_font_size=&#8220;14px&#8220; background_enable_color=&#8220;off&#8220; custom_margin=&#8220;30px|0px||0px|false|false&#8220; custom_padding=&#8220;|0px||0px|false|false&#8220; hover_enabled=&#8220;0&#8243; custom_css_open_toggle=&#8220;margin-bottom: -1px !important;||margin-top: -14px !important;&#8220; border_width_all=&#8220;0px&#8220; border_color_all=&#8220;#3d3d3d&#8220; border_width_top=&#8220;1px&#8220; border_width_bottom=&#8220;1px&#8220; global_colors_info=&#8220;{}&#8220; sticky_enabled=&#8220;0&#8243;][et_pb_accordion_item title=&#8220;Ihr Titel&#8220; _builder_version=&#8220;4.27.2&#8243; _module_preset=&#8220;default&#8220; background_color=&#8220;RGBA(255,255,255,0)&#8220; background_enable_color=&#8220;on&#8220; custom_padding=&#8220;|0px||0px|false|false&#8220; custom_css_main_element=&#8220;display: none;&#8220; global_colors_info=&#8220;{}&#8220; open=&#8220;off&#8220;]<\/p>\n<p>Your content goes here. Edit or remove this text inline or in the module Content settings. You can also style every aspect of this content in the module Design settings and even apply custom CSS to this text in the module Advanced settings.<\/p>\n<p>[\/et_pb_accordion_item][et_pb_accordion_item title=&#8220;Wer ist willkommen?&#8220; _builder_version=&#8220;4.19.5&#8243; _module_preset=&#8220;default&#8220; background_color=&#8220;RGBA(255,255,255,0)&#8220; background_enable_color=&#8220;on&#8220; custom_padding=&#8220;|0px||0px|false|false&#8220; global_colors_info=&#8220;{}&#8220; open=&#8220;off&#8220;]<\/p>\n<p>Alle Menschen, die eine Begeisterung \u00a0f\u00fcr BDSM teilen. Egal ob M\u00e4nner, Frauen, Paare, Non-Bin\u00e4r, Transgender oder Intersexuell. Deine Nationalit\u00e4t, Dein Alter und Deine optische Erscheinung oder ein eventuelles Handicap spielen keine Rolle f\u00fcr mich. Aber eine gepflegte Erscheinung sollte generell selbstverst\u00e4ndlich sein.<\/p>\n<p>[\/et_pb_accordion_item][et_pb_accordion_item title=&#8220;Wie hoch ist Ihr Tribut?&#8220; _builder_version=&#8220;4.19.5&#8243; _module_preset=&#8220;default&#8220; background_color=&#8220;RGBA(255,255,255,0)&#8220; background_enable_color=&#8220;on&#8220; custom_padding=&#8220;|0px||0px|false|false&#8220; global_colors_info=&#8220;{}&#8220; open=&#8220;off&#8220;]<\/p>\n<p><span>Intuitiv eine Audienz aus Dominanz und Hingabe aufzubauen ist pure Kunst f\u00fcr mich. Und das ist der Grund, warum meine Sessions mit einer Mindestdauer von 2 Stunden beginnen. Qualit\u00e4t vor Quantit\u00e4t. Der Tribut daf\u00fcr liegt bei 600 und 300 f\u00fcr jede weitere Stunde.<\/span> F\u00fcr eine Playtime von 5 Stunden liegt der Tribut bei 1200. Bei einer Terminvereinbarung ist eine Anzahlung zu leisten.<\/p>\n<p>[\/et_pb_accordion_item][et_pb_accordion_item title=&#8220;Wie %22extrem%22 k\u00f6nnen Sie sein?&#8220; _builder_version=&#8220;4.19.5&#8243; _module_preset=&#8220;default&#8220; background_color=&#8220;RGBA(255,255,255,0)&#8220; background_enable_color=&#8220;on&#8220; custom_padding=&#8220;|0px||0px|false|false&#8220; global_colors_info=&#8220;{}&#8220; open=&#8220;off&#8220;]<\/p>\n<p>Sei besonnen mit dem, was Du Dir w\u00fcnschst. Ich bin dazu in der Lage unsere Audienz exorbitant sadistisch und grenz\u00fcberschreitend zu gestalten. Jedoch ist dieser Wunsch mit Bedacht zu \u00e4u\u00dfern.\u00a0<\/p>\n<p>[\/et_pb_accordion_item][et_pb_accordion_item title=&#8220;Wie kann ich Ihnen eine Freude machen?&#8220; _builder_version=&#8220;4.23&#8243; _module_preset=&#8220;default&#8220; background_color=&#8220;RGBA(255,255,255,0)&#8220; background_enable_color=&#8220;on&#8220; custom_padding=&#8220;|0px||0px|false|false&#8220; global_colors_info=&#8220;{}&#8220; open=&#8220;off&#8220;]<\/p>\n<p>Ich bin kein gro\u00dfer Anh\u00e4nger von &#8222;Klischee-Geschenken&#8220;, wie beispielsweise Blumen. Ich habe eine Vorliebe f\u00fcr Kunst, Zigarren und japanischen Whisky. Abgesehen davon brenne ich f\u00fcr hochwertige Nappaleder-Artikel, egal ob Schuhe, Stiefel, M\u00fctzen, Handschuhe, Jacken etc. und freue mich \u00fcber Geschenkgutscheine von <a href=\"https:\/\/toxicvision.bigcartel.com\/product\/toxic-vision-gift-certificate\" target=\"_blank\" rel=\"noopener\">Toxic Vision<\/a>.<\/p>\n<p>[\/et_pb_accordion_item][et_pb_accordion_item title=&#8220;Wie kann ich mehr von Ihnen erfahren?&#8220; open=&#8220;on&#8220; _builder_version=&#8220;4.27.5&#8243; _module_preset=&#8220;default&#8220; background_color=&#8220;RGBA(255,255,255,0)&#8220; background_enable_color=&#8220;on&#8220; custom_padding=&#8220;|0px||0px|false|false&#8220; hover_enabled=&#8220;0&#8243; global_colors_info=&#8220;{}&#8220; sticky_enabled=&#8220;0&#8243;]<\/p>\n<p>Ich schreibe unter <a href=\"\/thoughts-of-a-huntress\">My Thoughts<\/a> regelm\u00e4\u00dfig dar\u00fcber, wie ich BDSM sehe und lebe. Clips kannst Du auf meinem <a href=\"https:\/\/www.loyalfans.com\/huntressartemis\" target=\"_blank\" rel=\"noopener\">Loyalfans-Account<\/a> finden, folge gerne meinem Social Media-Account auf <a href=\"https:\/\/www.instagram.com\/domina_huntress_artemis\/\" target=\"_blank\" rel=\"noopener\">Instagram<\/a> und abonniere meinen <a href=\"https:\/\/t.me\/HuntressArtemis666\" target=\"_blank\" rel=\"noopener\">Telegram-Channel<\/a>.<\/p>\n<p>[\/et_pb_accordion_item][\/et_pb_accordion][\/et_pb_column][et_pb_column type=&#8220;1_2&#8243; _builder_version=&#8220;4.19.5&#8243; _module_preset=&#8220;default&#8220; background_color=&#8220;#000000&#8243; custom_padding=&#8220;2rem|2rem|2rem|2rem|true|true&#8220; global_colors_info=&#8220;{}&#8220;][et_pb_text _builder_version=&#8220;4.19.5&#8243; _module_preset=&#8220;default&#8220; text_font=&#8220;|300||on|||||&#8220; text_text_color=&#8220;#707070&#8243; text_font_size=&#8220;16px&#8220; text_letter_spacing=&#8220;2px&#8220; custom_margin=&#8220;||12px|||&#8220; locked=&#8220;off&#8220; global_colors_info=&#8220;{}&#8220;]<\/p>\n<p>Audienz erw\u00fcnscht?<\/p>\n<p>[\/et_pb_text][et_pb_text _builder_version=&#8220;4.27.2&#8243; _module_preset=&#8220;default&#8220; text_font=&#8220;|300|||||||&#8220; header_3_font_size=&#8220;30px&#8220; header_3_line_height=&#8220;1.4em&#8220; global_colors_info=&#8220;{}&#8220;]<\/p>\n<h3>Kontakt<\/h3>\n<p>[\/et_pb_text][et_pb_text _builder_version=&#8220;4.27.2&#8243; _module_preset=&#8220;default&#8220; text_font=&#8220;|300|||||||&#8220; text_text_color=&#8220;#bfbfbf&#8220; global_colors_info=&#8220;{}&#8220;]<\/p>\n<p>Bitte beachte, dass Buchungen zu Sessions in M\u00fcnchen und Duisburg nur zu den vorgegebenen Zeitfenstern <span style=\"text-decoration: underline;\"><a href=\"\/termine\">meiner Termine<\/a><\/span> m\u00f6glich sind. <span data-tt=\"{}\" style=\"white-space: pre-wrap;\">Sessions in Frankfurt sind nach rechtzeitiger vorheriger Terminvereinbarung flexibel von Montag bis Freitag m\u00f6glich. Spontane Sessions biete ich nicht an.<\/span><\/p>\n<p>Schicke mir Deine Anfrage gerne per Mail oder WhatsApp-Nachricht.<\/p>\n<p>[\/et_pb_text][\/et_pb_column][\/et_pb_row][et_pb_row column_structure=&#8220;1_2,1_2&#8243; use_custom_gutter=&#8220;on&#8220; gutter_width=&#8220;2&#8243; make_equal=&#8220;on&#8220; _builder_version=&#8220;4.20.0&#8243; _module_preset=&#8220;default&#8220; custom_padding=&#8220;||0px||false|false&#8220; global_colors_info=&#8220;{}&#8220;][et_pb_column type=&#8220;1_2&#8243; _builder_version=&#8220;4.19.5&#8243; _module_preset=&#8220;default&#8220; global_colors_info=&#8220;{}&#8220;][et_pb_blurb title=&#8220;Mail schreiben&#8220; use_icon=&#8220;on&#8220; font_icon=&#8220;&#xe010;||divi||400&#8243; image_icon_width=&#8220;22px&#8220; _builder_version=&#8220;4.19.5&#8243; _module_preset=&#8220;default&#8220; header_font=&#8220;||||||||&#8220; header_text_align=&#8220;center&#8220; header_font_size=&#8220;30px&#8220; body_font=&#8220;|300|||||||&#8220; background_color=&#8220;#000000&#8243; text_orientation=&#8220;center&#8220; custom_padding=&#8220;2rem||2rem||true|false&#8220; link_option_url=&#8220;mailto:domina@huntress-artemis.com&#8220; link_option_url_new_window=&#8220;on&#8220; global_colors_info=&#8220;{}&#8220;]<\/p>\n<p>domina@huntress-artemis.com<\/p>\n<p>[\/et_pb_blurb][\/et_pb_column][et_pb_column type=&#8220;1_2&#8243; _builder_version=&#8220;4.19.5&#8243; _module_preset=&#8220;default&#8220; global_colors_info=&#8220;{}&#8220;][et_pb_blurb title=&#8220;Whatsapp&#8220; use_icon=&#8220;on&#8220; font_icon=&#8220;&#xf232;||fa||400&#8243; image_icon_width=&#8220;22px&#8220; _builder_version=&#8220;4.19.5&#8243; _module_preset=&#8220;default&#8220; header_font=&#8220;||||||||&#8220; header_text_align=&#8220;center&#8220; header_font_size=&#8220;30px&#8220; body_font=&#8220;|300|||||||&#8220; background_color=&#8220;#000000&#8243; text_orientation=&#8220;center&#8220; custom_padding=&#8220;2rem||2rem||true|false&#8220; link_option_url=&#8220;https:\/\/wa.me\/4915752622278&#8243; link_option_url_new_window=&#8220;on&#8220; global_colors_info=&#8220;{}&#8220;]<\/p>\n<p>Nachricht schreiben<\/p>\n<p>[\/et_pb_blurb][\/et_pb_column][\/et_pb_row][\/et_pb_section][et_pb_section fb_built=&#8220;1&#8243; custom_padding_last_edited=&#8220;on|phone&#8220; _builder_version=&#8220;4.19.5&#8243; _module_preset=&#8220;default&#8220; use_background_color_gradient=&#8220;on&#8220; background_color_gradient_direction=&#8220;90deg&#8220; background_color_gradient_stops=&#8220;#1a1a1a 0%|rgba(255,255,255,0) 100%&#8220; background_color_gradient_overlays_image=&#8220;on&#8220; background_image=&#8220;https:\/\/huntress-artemis.com\/wp-content\/uploads\/2023\/02\/Artemis1413-scaled-1.png&#8220; custom_padding=&#8220;80px||80px||true|false&#8220; custom_padding_tablet=&#8220;50px||50px||true|false&#8220; custom_padding_phone=&#8220;30px||30px||true|false&#8220; global_module=&#8220;51593&#8243; saved_tabs=&#8220;all&#8220; global_colors_info=&#8220;{}&#8220;][et_pb_row _builder_version=&#8220;4.19.5&#8243; _module_preset=&#8220;default&#8220; locked=&#8220;off&#8220; global_colors_info=&#8220;{}&#8220;][et_pb_column type=&#8220;4_4&#8243; _builder_version=&#8220;4.19.5&#8243; _module_preset=&#8220;default&#8220; global_colors_info=&#8220;{}&#8220;][et_pb_text _builder_version=&#8220;4.19.5&#8243; _module_preset=&#8220;default&#8220; text_font=&#8220;|||on|||||&#8220; header_2_text_align=&#8220;center&#8220; header_2_font_size=&#8220;80px&#8220; header_2_font_size_tablet=&#8220;60px&#8220; header_2_font_size_phone=&#8220;40px&#8220; header_2_font_size_last_edited=&#8220;on|phone&#8220; locked=&#8220;off&#8220; global_colors_info=&#8220;{}&#8220;]<\/p>\n<h2>Be my Prey!<\/h2>\n<p>[\/et_pb_text][et_pb_button button_url=&#8220;@ET-DC@eyJkeW5hbWljIjp0cnVlLCJjb250ZW50IjoicG9zdF9saW5rX3VybF9wYWdlIiwic2V0dGluZ3MiOnsicG9zdF9pZCI6IjUxNjczIn19@&#8220; button_text=&#8220;KONTAKT&#8220; button_alignment=&#8220;center&#8220; _builder_version=&#8220;4.19.5&#8243; _dynamic_attributes=&#8220;button_url&#8220; _module_preset=&#8220;default&#8220; custom_button=&#8220;on&#8220; button_bg_color=&#8220;#000000&#8243; button_border_color=&#8220;#000000&#8243; custom_margin=&#8220;30px||||false|false&#8220; custom_padding=&#8220;15px|40px|15px|40px|true|true&#8220; custom_padding_tablet=&#8220;15px|40px|15px|40px|true|true&#8220; custom_padding_phone=&#8220;10px|30px|10px|30px|true|true&#8220; custom_padding_last_edited=&#8220;on|phone&#8220; locked=&#8220;off&#8220; global_colors_info=&#8220;{}&#8220;][\/et_pb_button][\/et_pb_column][\/et_pb_row][\/et_pb_section]<\/p>\n","protected":false},"excerpt":{"rendered":"<p>H\u00e4ufig gestelltFragen zur SessionYour content goes here. Edit or remove this text inline or in the module Content settings. You can also style every aspect of this content in the module Design settings and even apply custom CSS to this text in the module Advanced settings.Alle Menschen, die eine Begeisterung \u00a0f\u00fcr BDSM teilen. Egal ob M\u00e4nner, Frauen, Paare, Non-Bin\u00e4r, Transgender oder Intersexuell. Deine Nationalit\u00e4t, Dein Alter und Deine optische Erscheinung oder ein eventuelles Handicap spielen keine Rolle f\u00fcr mich. Aber eine gepflegte Erscheinung sollte generell selbstverst\u00e4ndlich sein.Intuitiv eine Audienz aus Dominanz und Hingabe aufzubauen ist pure Kunst f\u00fcr mich. Und das ist der Grund, warum meine Sessions mit einer Mindestdauer von 2 Stunden beginnen. Qualit\u00e4t vor Quantit\u00e4t. Der Tribut daf\u00fcr liegt bei 600 und 300 f\u00fcr jede weitere Stunde. F\u00fcr eine Playtime von 5 Stunden liegt der Tribut bei 1200. Bei einer Terminvereinbarung ist eine Anzahlung zu leisten.Sei besonnen mit dem, was Du Dir w\u00fcnschst. Ich bin dazu in der Lage unsere Audienz exorbitant sadistisch und grenz\u00fcberschreitend zu gestalten. Jedoch ist dieser Wunsch mit Bedacht zu \u00e4u\u00dfern.\u00a0Ich bin kein gro\u00dfer Anh\u00e4nger von &#8222;Klischee-Geschenken&#8220;, wie beispielsweise Blumen. Ich habe eine Vorliebe f\u00fcr Kunst, Zigarren und japanischen Whisky. Abgesehen davon brenne ich [&hellip;]<\/p>\n","protected":false},"author":1,"featured_media":0,"parent":0,"menu_order":0,"comment_status":"closed","ping_status":"closed","template":"","meta":{"_acf_changed":false,"_et_pb_use_builder":"on","_et_pb_old_content":"<!-- wp:divi\/placeholder \/-->","_et_gb_content_width":"","footnotes":""},"class_list":["post-51673","page","type-page","status-publish","hentry"],"acf":[],"aioseo_notices":[],"_links":{"self":[{"href":"https:\/\/huntress-artemis.com\/en\/wp-json\/wp\/v2\/pages\/51673","targetHints":{"allow":["GET"]}}],"collection":[{"href":"https:\/\/huntress-artemis.com\/en\/wp-json\/wp\/v2\/pages"}],"about":[{"href":"https:\/\/huntress-artemis.com\/en\/wp-json\/wp\/v2\/types\/page"}],"author":[{"embeddable":true,"href":"https:\/\/huntress-artemis.com\/en\/wp-json\/wp\/v2\/users\/1"}],"replies":[{"embeddable":true,"href":"https:\/\/huntress-artemis.com\/en\/wp-json\/wp\/v2\/comments?post=51673"}],"version-history":[{"count":18,"href":"https:\/\/huntress-artemis.com\/en\/wp-json\/wp\/v2\/pages\/51673\/revisions"}],"predecessor-version":[{"id":52880,"href":"https:\/\/huntress-artemis.com\/en\/wp-json\/wp\/v2\/pages\/51673\/revisions\/52880"}],"wp:attachment":[{"href":"https:\/\/huntress-artemis.com\/en\/wp-json\/wp\/v2\/media?parent=51673"}],"curies":[{"name":"wp","href":"https:\/\/api.w.org\/{rel}","templated":true}]}}