{"id":51667,"date":"2023-02-06T14:38:23","date_gmt":"2023-02-06T13:38:23","guid":{"rendered":"https:\/\/huntress-artemis.com\/?page_id=51667"},"modified":"2026-01-27T00:30:39","modified_gmt":"2026-01-26T23:30:39","slug":"about","status":"publish","type":"page","link":"https:\/\/huntress-artemis.com\/en\/about\/","title":{"rendered":"About"},"content":{"rendered":"<p>[et_pb_section fb_built=&#8220;1&#8243; custom_padding_last_edited=&#8220;on|phone&#8220; _builder_version=&#8220;4.20.0&#8243; _module_preset=&#8220;default&#8220; background_color=&#8220;#000000&#8243; background_image=&#8220;https:\/\/huntress-artemis.com\/wp-content\/uploads\/2023\/02\/Artemis1413-scaled-3.png&#8220; background_position=&#8220;top_center&#8220; background_vertical_offset=&#8220;35%&#8220; custom_padding=&#8220;150px||150px||true|false&#8220; custom_padding_tablet=&#8220;80px||80px||true|false&#8220; custom_padding_phone=&#8220;60px||60px||true|false&#8220; global_module=&#8220;51595&#8243; saved_tabs=&#8220;all&#8220; global_colors_info=&#8220;{}&#8220;][et_pb_row _builder_version=&#8220;4.19.5&#8243; _module_preset=&#8220;default&#8220; custom_padding=&#8220;0px||0px||false|false&#8220; global_colors_info=&#8220;{}&#8220;][et_pb_column type=&#8220;4_4&#8243; _builder_version=&#8220;4.19.5&#8243; _module_preset=&#8220;default&#8220; global_colors_info=&#8220;{}&#8220;][et_pb_text _builder_version=&#8220;4.20.0&#8243; _dynamic_attributes=&#8220;content&#8220; _module_preset=&#8220;default&#8220; text_text_color=&#8220;#FFFFFF&#8220; text_font_size=&#8220;28px&#8220; header_font=&#8220;|||on|||||&#8220; header_text_align=&#8220;center&#8220; header_text_color=&#8220;#FFFFFF&#8220; header_font_size=&#8220;64px&#8220; header_font_size_tablet=&#8220;56px&#8220; header_font_size_phone=&#8220;42px&#8220; header_font_size_last_edited=&#8220;on|phone&#8220; global_colors_info=&#8220;{}&#8220;]@ET-DC@eyJkeW5hbWljIjp0cnVlLCJjb250ZW50IjoicG9zdF90aXRsZSIsInNldHRpbmdzIjp7ImJlZm9yZSI6IjxoMT4iLCJhZnRlciI6IjwvaDE+In19@[\/et_pb_text][\/et_pb_column][\/et_pb_row][\/et_pb_section][et_pb_section fb_built=&#8220;1&#8243; _builder_version=&#8220;4.19.5&#8243; _module_preset=&#8220;default&#8220; background_color=&#8220;#0f0f0f&#8220; global_colors_info=&#8220;{}&#8220;][et_pb_row custom_padding_last_edited=&#8220;on|phone&#8220; _builder_version=&#8220;4.20.0&#8243; _module_preset=&#8220;default&#8220; background_color=&#8220;#000000&#8243; width_tablet=&#8220;90%&#8220; width_phone=&#8220;90%&#8220; width_last_edited=&#8220;on|tablet&#8220; max_width_tablet=&#8220;90%&#8220; max_width_phone=&#8220;90%&#8220; max_width_last_edited=&#8220;on|phone&#8220; custom_padding=&#8220;0px|3rem|5rem|3rem|false|true&#8220; custom_padding_tablet=&#8220;3rem|3rem|5rem|3rem|false|true&#8220; custom_padding_phone=&#8220;2rem|2rem||2rem|false|true&#8220; global_colors_info=&#8220;{}&#8220;][et_pb_column type=&#8220;4_4&#8243; _builder_version=&#8220;4.19.5&#8243; _module_preset=&#8220;default&#8220; global_colors_info=&#8220;{}&#8220;][et_pb_image src=&#8220;https:\/\/huntress-artemis.com\/wp-content\/uploads\/2023\/02\/Foto-10.12.22-22-50-59-scaled.jpg&#8220; title_text=&#8220;Foto 10.12.22, 22 50 59&#8243; show_bottom_space=&#8220;off&#8220; _builder_version=&#8220;4.20.0&#8243; _module_preset=&#8220;default&#8220; max_width=&#8220;270px&#8220; module_alignment=&#8220;center&#8220; custom_margin=&#8220;0px|357px|0px||false|false&#8220; custom_padding=&#8220;0px||0px||false|false&#8220; global_colors_info=&#8220;{}&#8220;][\/et_pb_image][et_pb_text _builder_version=&#8220;4.20.0&#8243; _module_preset=&#8220;default&#8220; text_font=&#8220;|300|||||||&#8220; text_text_color=&#8220;#707070&#8243; text_letter_spacing=&#8220;1px&#8220; text_orientation=&#8220;center&#8220; custom_margin=&#8220;||14px|||&#8220; global_colors_info=&#8220;{}&#8220;]<\/p>\n<p>\u00a0\u00dcBER DIE J\u00c4GERIN<\/p>\n<p>[\/et_pb_text][et_pb_text _builder_version=&#8220;4.19.5&#8243; _module_preset=&#8220;default&#8220; text_text_color=&#8220;#a8a8a8&#8243; header_2_font_size=&#8220;46px&#8220; text_orientation=&#8220;center&#8220; global_colors_info=&#8220;{}&#8220;]<\/p>\n<h2>Du wirst meine Beute sein!<\/h2>\n<p>[\/et_pb_text][et_pb_text _builder_version=&#8220;4.19.5&#8243; _module_preset=&#8220;default&#8220; text_font=&#8220;|300|||||||&#8220; text_text_color=&#8220;#a8a8a8&#8243; text_font_size=&#8220;16px&#8220; text_orientation=&#8220;center&#8220; custom_padding=&#8220;|3rem||3rem|false|true&#8220; custom_padding_tablet=&#8220;|2rem||2rem|false|true&#8220; custom_padding_phone=&#8220;|0rem||0rem|false|true&#8220; custom_padding_last_edited=&#8220;on|phone&#8220; global_colors_info=&#8220;{}&#8220;]<\/p>\n<div class=\"elementor-element elementor-element-2954e5c elementor-widget elementor-widget-text-editor\" data-id=\"2954e5c\" data-element_type=\"widget\" data-widget_type=\"text-editor.default\">\n<div class=\"elementor-widget-container\">\n<div class=\"elementor-text-editor elementor-clearfix\">\n<div class=\"moz-text-html\" lang=\"x-unicode\">\n<div class=\"moz-text-html\" lang=\"x-unicode\">\n<p dir=\"ltr\">Du wirst meine Beute sein und Du wirst Dich gerne von mir erlegen lassen, denn ich wei\u00df genau um Deine Triebe, Deinen Wunsch, ja, Deine Sucht \u2013 nach Exzessen und Ausschweifungen besonderer, anderer Art. Ich sorge daf\u00fcr, dass ich mich tief in Deinen Geist einbrenne. Sage mir, was Dich bewegt, \u00f6ffne Dich mir ganz und gar, gib Dich mir hin mit Haut und Haar. Begeistere und motiviere mich, zeige mir auf, wer und was Du in Deiner Fantasie wirklich bist und aus dem ersten Anschein wird pure, reine Realit\u00e4t.<\/p>\n<\/div>\n<\/div>\n<\/div>\n<\/div>\n<\/div>\n<div class=\"elementor-element elementor-element-491809a elementor-widget elementor-widget-heading\" data-id=\"491809a\" data-element_type=\"widget\" data-widget_type=\"heading.default\">\n<div class=\"elementor-widget-container\">\n<p class=\"elementor-heading-title elementor-size-default\">Das verspreche ich Dir!<\/p>\n<p class=\"elementor-heading-title elementor-size-default\">\n<\/div>\n<\/div>\n<p>&nbsp;<\/p>\n<p>[\/et_pb_text][et_pb_text _builder_version=&#8220;4.19.5&#8243; _module_preset=&#8220;default&#8220; text_font=&#8220;Netizen||||||||&#8220; text_font_size=&#8220;58px&#8220; text_orientation=&#8220;center&#8220; custom_margin=&#8220;||7px|||&#8220; global_colors_info=&#8220;{}&#8220;]<\/p>\n<p>Huntress Artemis<\/p>\n<p>[\/et_pb_text][et_pb_text _builder_version=&#8220;4.19.5&#8243; _module_preset=&#8220;default&#8220; text_text_color=&#8220;#707070&#8243; text_font_size=&#8220;12px&#8220; text_orientation=&#8220;center&#8220; custom_margin=&#8220;20px||||false|false&#8220; global_colors_info=&#8220;{}&#8220;]<\/p>\n<p>DOMINA HUNTRESS ARTEMIS<\/p>\n<p>[\/et_pb_text][\/et_pb_column][\/et_pb_row][et_pb_row custom_padding_last_edited=&#8220;on|phone&#8220; _builder_version=&#8220;4.20.0&#8243; _module_preset=&#8220;default&#8220; background_color=&#8220;#000000&#8243; width_tablet=&#8220;90%&#8220; width_phone=&#8220;90%&#8220; width_last_edited=&#8220;on|tablet&#8220; max_width_tablet=&#8220;90%&#8220; max_width_phone=&#8220;90%&#8220; max_width_last_edited=&#8220;on|phone&#8220; custom_padding=&#8220;0px|3rem|5rem|3rem|false|true&#8220; custom_padding_tablet=&#8220;3rem|3rem|5rem|3rem|false|true&#8220; custom_padding_phone=&#8220;2rem|2rem||2rem|false|true&#8220; global_colors_info=&#8220;{}&#8220;][et_pb_column type=&#8220;4_4&#8243; _builder_version=&#8220;4.19.5&#8243; _module_preset=&#8220;default&#8220; global_colors_info=&#8220;{}&#8220;][et_pb_text _builder_version=&#8220;4.27.2&#8243; _module_preset=&#8220;default&#8220; text_font=&#8220;|300|||||||&#8220; text_text_color=&#8220;#707070&#8243; text_letter_spacing=&#8220;1px&#8220; text_orientation=&#8220;center&#8220; custom_margin=&#8220;||14px|||&#8220; link_option_url=&#8220;https:\/\/www.domina-portrait.com\/huntress-artemis-751&#8243; link_option_url_new_window=&#8220;on&#8220; global_colors_info=&#8220;{}&#8220;]<\/p>\n<p>Lies mein Interview auf Domina-Portrait.com<\/p>\n<p>[\/et_pb_text][et_pb_code _builder_version=&#8220;4.27.2&#8243; _module_preset=&#8220;default&#8220; text_orientation=&#8220;center&#8220; custom_padding=&#8220;||3rem||false|false&#8220; global_colors_info=&#8220;{}&#8220;]<a href=\"https:\/\/www.domina-portrait.com\/huntress-artemis-751\" rel=\"ugc\" onclick=\"window.open(this.href); return false;\"><img decoding=\"async\" src=\"https:\/\/www.domina-portrait.com\/siegel-751-2025\" width=\"180\" title=\"Huntress Artemis - Siegel Mistress 2025\" alt=\"Huntress Artemis - Siegel Mistress 2025\" \/><\/a><a href=\"https:\/\/www.domina-portrait.com\/huntress-artemis-751\" rel=\"ugc\" onclick=\"window.open(this.href); return false;\"><img decoding=\"async\" src=\"https:\/\/www.domina-portrait.com\/siegel-751-2026\" width=\"180\" title=\"Huntress Artemis - Siegel Mistress 2026\" alt=\"Huntress Artemis - Siegel Mistress 2026\" \/><\/a>[\/et_pb_code][\/et_pb_column][\/et_pb_row][\/et_pb_section][et_pb_section fb_built=&#8220;1&#8243; _builder_version=&#8220;4.19.5&#8243; _module_preset=&#8220;default&#8220; background_color=&#8220;#000000&#8243; global_colors_info=&#8220;{}&#8220; locked=&#8220;off&#8220;][et_pb_row use_custom_gutter=&#8220;on&#8220; gutter_width=&#8220;2&#8243; make_equal=&#8220;on&#8220; _builder_version=&#8220;4.19.5&#8243; _module_preset=&#8220;default&#8220; locked=&#8220;off&#8220; global_colors_info=&#8220;{}&#8220;][et_pb_column type=&#8220;4_4&#8243; _builder_version=&#8220;4.19.5&#8243; _module_preset=&#8220;default&#8220; background_enable_color=&#8220;off&#8220; custom_padding=&#8220;||||true|true&#8220; global_colors_info=&#8220;{}&#8220;][et_pb_text _builder_version=&#8220;4.19.5&#8243; _module_preset=&#8220;default&#8220; text_font=&#8220;|300|||||||&#8220; text_text_color=&#8220;#707070&#8243; text_font_size=&#8220;16px&#8220; text_letter_spacing=&#8220;2px&#8220; text_orientation=&#8220;center&#8220; custom_margin=&#8220;||12px|||&#8220; global_colors_info=&#8220;{}&#8220;]<\/p>\n<p>TABUZONEN<\/p>\n<p>[\/et_pb_text][et_pb_text _builder_version=&#8220;4.19.5&#8243; _module_preset=&#8220;default&#8220; header_text_align=&#8220;center&#8220; header_3_font=&#8220;|||on|||||&#8220; header_3_text_align=&#8220;center&#8220; header_3_font_size=&#8220;42px&#8220; global_colors_info=&#8220;{}&#8220;]<\/p>\n<h3>Meine Tabus<\/h3>\n<p>[\/et_pb_text][\/et_pb_column][\/et_pb_row][et_pb_row column_structure=&#8220;1_2,1_2&#8243; make_equal=&#8220;on&#8220; module_class=&#8220;reverse&#8220; _builder_version=&#8220;4.20.2&#8243; _module_preset=&#8220;default&#8220; global_colors_info=&#8220;{}&#8220;][et_pb_column type=&#8220;1_2&#8243; _builder_version=&#8220;4.19.5&#8243; _module_preset=&#8220;default&#8220; global_colors_info=&#8220;{}&#8220;][et_pb_accordion _builder_version=&#8220;4.27.2&#8243; _module_preset=&#8220;default&#8220; toggle_text_color=&#8220;#FFFFFF&#8220; toggle_font=&#8220;Montserrat|800|||||||&#8220; toggle_font_size=&#8220;16px&#8220; toggle_line_height=&#8220;1.4em&#8220; body_font=&#8220;|300|||||||&#8220; body_text_color=&#8220;#9e9e9e&#8220; background_enable_color=&#8220;off&#8220; custom_margin=&#8220;30px|0px||0px|false|false&#8220; custom_padding=&#8220;|0px||0px|false|false&#8220; toggle_font_size_last_edited=&#8220;off|desktop&#8220; custom_css_open_toggle=&#8220;margin-bottom: -1px !important;||margin-top: -14px !important;&#8220; border_width_all=&#8220;0px&#8220; border_color_all=&#8220;#3d3d3d&#8220; border_width_top=&#8220;1px&#8220; border_width_bottom=&#8220;1px&#8220; locked=&#8220;off&#8220; global_colors_info=&#8220;{}&#8220;][et_pb_accordion_item title=&#8220;Intimkontakt&#8220; open=&#8220;on&#8220; _builder_version=&#8220;4.27.2&#8243; _module_preset=&#8220;default&#8220; background_color=&#8220;RGBA(255,255,255,0)&#8220; background_enable_color=&#8220;on&#8220; custom_margin=&#8220;||0px||false|false&#8220; custom_padding=&#8220;|0px||0px|false|false&#8220; global_colors_info=&#8220;{}&#8220; toggle_font=&#8220;|800||on|||||&#8220; toggle_font_size=&#8220;24px&#8220;]<\/p>\n<p>Die Quintessenz Deiner Lust, sollte sich in der vollkommenen Hingabe zu meiner gesamten dominanten Erscheinung und Existenz wiederfinden und nicht durch meinen Intimbereich.<\/p>\n<p>[\/et_pb_accordion_item][et_pb_accordion_item title=&#8220;Adultbaby&#8220; _builder_version=&#8220;4.20.0&#8243; _module_preset=&#8220;default&#8220; background_color=&#8220;RGBA(255,255,255,0)&#8220; background_enable_color=&#8220;on&#8220; custom_margin=&#8220;||0px||false|false&#8220; custom_padding=&#8220;|0px||0px|false|false&#8220; global_colors_info=&#8220;{}&#8220; toggle_font=&#8220;|800||on|||||&#8220; toggle_font_size=&#8220;24px&#8220; open=&#8220;off&#8220;]<\/p>\n<p>Die Rolle der Mutter, die entweder bestrafend oder liebevoll ist, l\u00e4sst mich auf jeder Ebene unwohl f\u00fchlen, weshalb ich dieses Rollenspiel nicht durchf\u00fchren werde.<\/p>\n<p>[\/et_pb_accordion_item][et_pb_accordion_item title=&#8220;Windelfetisch &#8220; _builder_version=&#8220;4.20.0&#8243; _module_preset=&#8220;default&#8220; background_color=&#8220;RGBA(255,255,255,0)&#8220; background_enable_color=&#8220;on&#8220; custom_margin=&#8220;||0px||false|false&#8220; custom_padding=&#8220;|0px||0px|false|false&#8220; global_colors_info=&#8220;{}&#8220; toggle_font=&#8220;|800||on|||||&#8220; toggle_font_size=&#8220;24px&#8220; open=&#8220;off&#8220;]<\/p>\n<p>Wenn es dabei bleibt, dass Du die Windel nur tragen m\u00f6chtest, habe ich keinerlei Probleme damit. Jedoch m\u00f6chte ich nicht, dass Du Dich in der Windel erleichterst.<\/p>\n<p>[\/et_pb_accordion_item][et_pb_accordion_item title=&#8220;Expliziter Outfitwunsch&#8220; _builder_version=&#8220;4.20.0&#8243; _module_preset=&#8220;default&#8220; background_color=&#8220;RGBA(255,255,255,0)&#8220; background_enable_color=&#8220;on&#8220; custom_margin=&#8220;||0px||false|false&#8220; custom_padding=&#8220;|0px||0px|false|false&#8220; global_colors_info=&#8220;{}&#8220; toggle_font=&#8220;|800||on|||||&#8220; toggle_font_size=&#8220;24px&#8220; open=&#8220;off&#8220;]<\/p>\n<p>Ich gehe gerne auf &#8222;Material-Fetische\u201c ein, bzw. wenn ein Lack, Leder oder Latex Fetisch vorliegt. Aber ich lasse mir nicht vorschreiben, was ich genau anzuziehen habe. Ich bin nicht Deine Puppe.<\/p>\n<p>[\/et_pb_accordion_item][et_pb_accordion_item title=&#8220;Findom&#8220; _builder_version=&#8220;4.27.2&#8243; _module_preset=&#8220;default&#8220; background_color=&#8220;RGBA(255,255,255,0)&#8220; background_enable_color=&#8220;on&#8220; custom_margin=&#8220;||0px||false|false&#8220; custom_padding=&#8220;|0px||0px|false|false&#8220; global_colors_info=&#8220;{}&#8220; toggle_font=&#8220;|800||on|||||&#8220; toggle_font_size=&#8220;24px&#8220; open=&#8220;off&#8220;]<\/p>\n<p><span data-tt=\"{&quot;paragraphStyle&quot;:{&quot;alignment&quot;:4,&quot;writingDirection&quot;:1}}\" style=\"white-space: pre-wrap;\">Abgesehen von meinem Tribut ist die Verbindung von Geld und BDSM f\u00fcr mich uninteressant \u2013 sie entspricht nicht meiner Art BDSM zu leben. <\/span><span data-tt=\"{&quot;paragraphStyle&quot;:{&quot;alignment&quot;:4,&quot;writingDirection&quot;:1}}\" style=\"white-space: pre-wrap;\">Das bedeutet jedoch nicht, dass ich mich \u00fcber aufmerksame Gesten deinerseits nicht freuen kann. <\/span><\/p>\n<p>[\/et_pb_accordion_item][et_pb_accordion_item title=&#8220;Blackmailing&#8220; _builder_version=&#8220;4.27.2&#8243; _module_preset=&#8220;default&#8220; background_color=&#8220;RGBA(255,255,255,0)&#8220; background_enable_color=&#8220;on&#8220; custom_margin=&#8220;||0px||false|false&#8220; custom_padding=&#8220;|0px||0px|false|false&#8220; global_colors_info=&#8220;{}&#8220; toggle_font=&#8220;|800||on|||||&#8220; toggle_font_size=&#8220;24px&#8220; open=&#8220;off&#8220;]<\/p>\n<p><span data-tt=\"{&quot;paragraphStyle&quot;:{&quot;alignment&quot;:4,&quot;writingDirection&quot;:1}}\" style=\"white-space: pre-wrap;\">Macht und Kontrolle will ich nicht durch Erpressung oder tr\u00fcgerische Mittel erzwingen \u2013 vielmehr sch\u00e4tze ich die freiwillige Hingabe.<\/span><\/p>\n<p>[\/et_pb_accordion_item][et_pb_accordion_item title=&#8220;Kaviar&#8220; _builder_version=&#8220;4.27.2&#8243; _module_preset=&#8220;default&#8220; background_color=&#8220;RGBA(255,255,255,0)&#8220; background_enable_color=&#8220;on&#8220; custom_margin=&#8220;||0px||false|false&#8220; custom_padding=&#8220;|0px||0px|false|false&#8220; global_colors_info=&#8220;{}&#8220; toggle_font=&#8220;|800||on|||||&#8220; toggle_font_size=&#8220;24px&#8220; open=&#8220;off&#8220;]<\/p>\n<p><span data-tt=\"{&quot;paragraphStyle&quot;:{&quot;alignment&quot;:4,&quot;writingDirection&quot;:1}}\" style=\"white-space: pre-wrap;\">Es gibt mir nichts und ich empfinde daran keine Freude.<\/span><\/p>\n<p>[\/et_pb_accordion_item][\/et_pb_accordion][\/et_pb_column][et_pb_column type=&#8220;1_2&#8243; _builder_version=&#8220;4.20.2&#8243; _module_preset=&#8220;default&#8220; background_image=&#8220;https:\/\/huntress-artemis.com\/wp-content\/uploads\/2023\/03\/Foto-25.02.23-16-36-01-scaled.jpg&#8220; background_position=&#8220;top_center&#8220; background_vertical_offset=&#8220;0%&#8220; custom_padding_tablet=&#8220;250px||250px||true|false&#8220; custom_padding_phone=&#8220;150px||150px||true|false&#8220; custom_padding_last_edited=&#8220;on|tablet&#8220; background_last_edited=&#8220;off|desktop&#8220; background_vertical_offset_tablet=&#8220;15%&#8220; background_vertical_offset_phone=&#8220;0%&#8220; global_colors_info=&#8220;{}&#8220;][et_pb_divider show_divider=&#8220;off&#8220; _builder_version=&#8220;4.19.5&#8243; _module_preset=&#8220;default&#8220; global_colors_info=&#8220;{}&#8220;][\/et_pb_divider][\/et_pb_column][\/et_pb_row][\/et_pb_section][et_pb_section fb_built=&#8220;1&#8243; custom_padding_last_edited=&#8220;on|phone&#8220; _builder_version=&#8220;4.19.5&#8243; _module_preset=&#8220;default&#8220; use_background_color_gradient=&#8220;on&#8220; background_color_gradient_direction=&#8220;90deg&#8220; background_color_gradient_stops=&#8220;#1a1a1a 0%|rgba(255,255,255,0) 100%&#8220; background_color_gradient_overlays_image=&#8220;on&#8220; background_image=&#8220;https:\/\/huntress-artemis.com\/wp-content\/uploads\/2023\/02\/Artemis1413-scaled-1.png&#8220; custom_padding=&#8220;80px||80px||true|false&#8220; custom_padding_tablet=&#8220;50px||50px||true|false&#8220; custom_padding_phone=&#8220;30px||30px||true|false&#8220; global_module=&#8220;51593&#8243; saved_tabs=&#8220;all&#8220; global_colors_info=&#8220;{}&#8220;][et_pb_row _builder_version=&#8220;4.19.5&#8243; _module_preset=&#8220;default&#8220; locked=&#8220;off&#8220; global_colors_info=&#8220;{}&#8220;][et_pb_column type=&#8220;4_4&#8243; _builder_version=&#8220;4.19.5&#8243; _module_preset=&#8220;default&#8220; global_colors_info=&#8220;{}&#8220;][et_pb_text _builder_version=&#8220;4.19.5&#8243; _module_preset=&#8220;default&#8220; text_font=&#8220;|||on|||||&#8220; header_2_text_align=&#8220;center&#8220; header_2_font_size=&#8220;80px&#8220; header_2_font_size_tablet=&#8220;60px&#8220; header_2_font_size_phone=&#8220;40px&#8220; header_2_font_size_last_edited=&#8220;on|phone&#8220; locked=&#8220;off&#8220; global_colors_info=&#8220;{}&#8220;]<\/p>\n<h2>Be my Prey!<\/h2>\n<p>[\/et_pb_text][et_pb_button button_url=&#8220;@ET-DC@eyJkeW5hbWljIjp0cnVlLCJjb250ZW50IjoicG9zdF9saW5rX3VybF9wYWdlIiwic2V0dGluZ3MiOnsicG9zdF9pZCI6IjUxNjczIn19@&#8220; button_text=&#8220;KONTAKT&#8220; button_alignment=&#8220;center&#8220; _builder_version=&#8220;4.19.5&#8243; _dynamic_attributes=&#8220;button_url&#8220; _module_preset=&#8220;default&#8220; custom_button=&#8220;on&#8220; button_bg_color=&#8220;#000000&#8243; button_border_color=&#8220;#000000&#8243; custom_margin=&#8220;30px||||false|false&#8220; custom_padding=&#8220;15px|40px|15px|40px|true|true&#8220; custom_padding_tablet=&#8220;15px|40px|15px|40px|true|true&#8220; custom_padding_phone=&#8220;10px|30px|10px|30px|true|true&#8220; custom_padding_last_edited=&#8220;on|phone&#8220; locked=&#8220;off&#8220; global_colors_info=&#8220;{}&#8220;][\/et_pb_button][\/et_pb_column][\/et_pb_row][\/et_pb_section]<\/p>\n","protected":false},"excerpt":{"rendered":"<p>\u00a0\u00dcBER DIE J\u00c4GERINDu wirst meine Beute sein! Du wirst meine Beute sein und Du wirst Dich gerne von mir erlegen lassen, denn ich wei\u00df genau um Deine Triebe, Deinen Wunsch, ja, Deine Sucht \u2013 nach Exzessen und Ausschweifungen besonderer, anderer Art. Ich sorge daf\u00fcr, dass ich mich tief in Deinen Geist einbrenne. Sage mir, was Dich bewegt, \u00f6ffne Dich mir ganz und gar, gib Dich mir hin mit Haut und Haar. Begeistere und motiviere mich, zeige mir auf, wer und was Du in Deiner Fantasie wirklich bist und aus dem ersten Anschein wird pure, reine Realit\u00e4t. Das verspreche ich Dir! &nbsp;Huntress ArtemisDOMINA HUNTRESS ARTEMISLies mein Interview auf Domina-Portrait.comTABUZONENMeine TabusDie Quintessenz Deiner Lust, sollte sich in der vollkommenen Hingabe zu meiner gesamten dominanten Erscheinung und Existenz wiederfinden und nicht durch meinen Intimbereich.Die Rolle der Mutter, die entweder bestrafend oder liebevoll ist, l\u00e4sst mich auf jeder Ebene unwohl f\u00fchlen, weshalb ich dieses Rollenspiel nicht durchf\u00fchren werde.Wenn es dabei bleibt, dass Du die Windel nur tragen m\u00f6chtest, habe ich keinerlei Probleme damit. Jedoch m\u00f6chte ich nicht, dass Du Dich in der Windel erleichterst.Ich gehe gerne auf &#8222;Material-Fetische\u201c ein, bzw. wenn ein Lack, Leder oder Latex Fetisch vorliegt. Aber ich lasse mir nicht vorschreiben, [&hellip;]<\/p>\n","protected":false},"author":1,"featured_media":0,"parent":0,"menu_order":0,"comment_status":"closed","ping_status":"closed","template":"","meta":{"_acf_changed":false,"_et_pb_use_builder":"on","_et_pb_old_content":"<!-- wp:divi\/placeholder \/-->","_et_gb_content_width":"","footnotes":""},"class_list":["post-51667","page","type-page","status-publish","hentry"],"acf":[],"aioseo_notices":[],"_links":{"self":[{"href":"https:\/\/huntress-artemis.com\/en\/wp-json\/wp\/v2\/pages\/51667","targetHints":{"allow":["GET"]}}],"collection":[{"href":"https:\/\/huntress-artemis.com\/en\/wp-json\/wp\/v2\/pages"}],"about":[{"href":"https:\/\/huntress-artemis.com\/en\/wp-json\/wp\/v2\/types\/page"}],"author":[{"embeddable":true,"href":"https:\/\/huntress-artemis.com\/en\/wp-json\/wp\/v2\/users\/1"}],"replies":[{"embeddable":true,"href":"https:\/\/huntress-artemis.com\/en\/wp-json\/wp\/v2\/comments?post=51667"}],"version-history":[{"count":12,"href":"https:\/\/huntress-artemis.com\/en\/wp-json\/wp\/v2\/pages\/51667\/revisions"}],"predecessor-version":[{"id":52813,"href":"https:\/\/huntress-artemis.com\/en\/wp-json\/wp\/v2\/pages\/51667\/revisions\/52813"}],"wp:attachment":[{"href":"https:\/\/huntress-artemis.com\/en\/wp-json\/wp\/v2\/media?parent=51667"}],"curies":[{"name":"wp","href":"https:\/\/api.w.org\/{rel}","templated":true}]}}